{"id":170,"date":"2019-04-18T11:08:43","date_gmt":"2019-04-18T08:08:43","guid":{"rendered":"https:\/\/envothemes.com\/envo-ecommerce\/product\/import-placeholder-for-61\/"},"modified":"2023-04-09T10:43:35","modified_gmt":"2023-04-09T07:43:35","slug":"40fc_buyuk-sos","status":"publish","type":"product","link":"http:\/\/www.eryigityapi.com\/index.php\/urun\/40fc_buyuk-sos\/","title":{"rendered":"Acryrub Exteriour Fa\u00e7ades+"},"content":{"rendered":"<p><strong>Acryrub Exteriour Fa\u00e7ades+,\u00a0<\/strong>akrilik yay\u0131lma esasl\u0131 y\u00fcksek kaliteli, plastoelastik, tek bile\u015fenli bir derz dolgusudur. Y\u00fcksek hareket kabiliyetine sahip olup, i\u00e7 ve d\u0131\u015f uygulamalar i\u00e7in geli\u015ftirilmi\u015ftir.<\/p>\n","protected":false},"excerpt":{"rendered":"<p>This is an external product.<\/p>\n","protected":false},"featured_media":649,"comment_status":"open","ping_status":"closed","template":"","meta":[],"product_cat":[26],"product_tag":[34],"_links":{"self":[{"href":"http:\/\/www.eryigityapi.com\/index.php\/wp-json\/wp\/v2\/product\/170"}],"collection":[{"href":"http:\/\/www.eryigityapi.com\/index.php\/wp-json\/wp\/v2\/product"}],"about":[{"href":"http:\/\/www.eryigityapi.com\/index.php\/wp-json\/wp\/v2\/types\/product"}],"replies":[{"embeddable":true,"href":"http:\/\/www.eryigityapi.com\/index.php\/wp-json\/wp\/v2\/comments?post=170"}],"wp:featuredmedia":[{"embeddable":true,"href":"http:\/\/www.eryigityapi.com\/index.php\/wp-json\/wp\/v2\/media\/649"}],"wp:attachment":[{"href":"http:\/\/www.eryigityapi.com\/index.php\/wp-json\/wp\/v2\/media?parent=170"}],"wp:term":[{"taxonomy":"product_cat","embeddable":true,"href":"http:\/\/www.eryigityapi.com\/index.php\/wp-json\/wp\/v2\/product_cat?post=170"},{"taxonomy":"product_tag","embeddable":true,"href":"http:\/\/www.eryigityapi.com\/index.php\/wp-json\/wp\/v2\/product_tag?post=170"}],"curies":[{"name":"wp","href":"https:\/\/api.w.org\/{rel}","templated":true}]}}