{"id":164,"date":"2019-04-18T11:08:43","date_gmt":"2019-04-18T08:08:43","guid":{"rendered":"https:\/\/envothemes.com\/envo-ecommerce\/product\/import-placeholder-for-48\/"},"modified":"2023-04-09T11:02:19","modified_gmt":"2023-04-09T08:02:19","slug":"hard-top","status":"publish","type":"product","link":"http:\/\/www.eryigityapi.com\/index.php\/urun\/hard-top\/","title":{"rendered":"Click&#038;Cleaner PU K\u00f6p\u00fck Temizleyici"},"content":{"rendered":"<p><strong>Click&amp;Cleaner,\u00a0<\/strong>Soudafoam Gun Click&amp;Fix \u00fcr\u00fcnleri i\u00e7in uygun olarak \u00fcretilmi\u015f olup, kullan\u0131ma haz\u0131r temizleme aerosol\u00fcd\u00fcr. Kullan\u0131mda maksimum konfor i\u00e7in benzersiz patentli Click&amp;Fix adapt\u00f6r sistemi ile te\u00e7hizatland\u0131r\u0131lm\u0131\u00e7t\u0131r.<\/p>\n","protected":false},"excerpt":{"rendered":"<p>This is a simple product.<\/p>\n<p>Praesent id justo in neque elementum ultrices. Donec iaculis gravida nulla. Etiam dui sem, fermentum vitae, sagittis id, malesuada in, quam.\u00a0Cum sociis natoque penatibus et magnis dis parturient montes, nascetur ridiculus mus. Integer malesuada.<\/p>\n","protected":false},"featured_media":661,"comment_status":"open","ping_status":"closed","template":"","meta":[],"product_cat":[26],"product_tag":[34],"_links":{"self":[{"href":"http:\/\/www.eryigityapi.com\/index.php\/wp-json\/wp\/v2\/product\/164"}],"collection":[{"href":"http:\/\/www.eryigityapi.com\/index.php\/wp-json\/wp\/v2\/product"}],"about":[{"href":"http:\/\/www.eryigityapi.com\/index.php\/wp-json\/wp\/v2\/types\/product"}],"replies":[{"embeddable":true,"href":"http:\/\/www.eryigityapi.com\/index.php\/wp-json\/wp\/v2\/comments?post=164"}],"wp:featuredmedia":[{"embeddable":true,"href":"http:\/\/www.eryigityapi.com\/index.php\/wp-json\/wp\/v2\/media\/661"}],"wp:attachment":[{"href":"http:\/\/www.eryigityapi.com\/index.php\/wp-json\/wp\/v2\/media?parent=164"}],"wp:term":[{"taxonomy":"product_cat","embeddable":true,"href":"http:\/\/www.eryigityapi.com\/index.php\/wp-json\/wp\/v2\/product_cat?post=164"},{"taxonomy":"product_tag","embeddable":true,"href":"http:\/\/www.eryigityapi.com\/index.php\/wp-json\/wp\/v2\/product_tag?post=164"}],"curies":[{"name":"wp","href":"https:\/\/api.w.org\/{rel}","templated":true}]}}