{"id":163,"date":"2019-04-18T11:08:43","date_gmt":"2019-04-18T08:08:43","guid":{"rendered":"https:\/\/envothemes.com\/envo-ecommerce\/product\/import-placeholder-for-47\/"},"modified":"2023-04-09T10:44:26","modified_gmt":"2023-04-09T07:44:26","slug":"black-pants","status":"publish","type":"product","link":"http:\/\/www.eryigityapi.com\/index.php\/urun\/black-pants\/","title":{"rendered":"Soudafoam Comfort"},"content":{"rendered":"<p><strong>Soudafoam Comfort,\u00a0<\/strong>kullan\u0131ma haz\u0131r, tek bile\u015fenli, kontroll\u00fc \u015fi\u015fen poli\u00fcretan k\u00f6p\u00fck. Patentli ak\u0131ll\u0131 tabanca sistemi (Genius Gun System) sayesinde poli\u00fcretan k\u00f6p\u00fck uygulamas\u0131 \u00e7ok kolay ve hassas hale gelir.<\/p>\n","protected":false},"excerpt":{"rendered":"<p>This is a variable product.<\/p>\n<p>Nteger vulputate sem a nibh rutrum consequat. Praesent vitae arcu tempor neque lacinia pretium. Etiam dui sem, fermentum vitae, sagittis id, malesuada in, quam. Quisque tincidunt scelerisque libero. Maecenas aliquet accumsan leo.<\/p>\n","protected":false},"featured_media":663,"comment_status":"open","ping_status":"closed","template":"","meta":[],"product_cat":[26,27],"product_tag":[34],"_links":{"self":[{"href":"http:\/\/www.eryigityapi.com\/index.php\/wp-json\/wp\/v2\/product\/163"}],"collection":[{"href":"http:\/\/www.eryigityapi.com\/index.php\/wp-json\/wp\/v2\/product"}],"about":[{"href":"http:\/\/www.eryigityapi.com\/index.php\/wp-json\/wp\/v2\/types\/product"}],"replies":[{"embeddable":true,"href":"http:\/\/www.eryigityapi.com\/index.php\/wp-json\/wp\/v2\/comments?post=163"}],"wp:featuredmedia":[{"embeddable":true,"href":"http:\/\/www.eryigityapi.com\/index.php\/wp-json\/wp\/v2\/media\/663"}],"wp:attachment":[{"href":"http:\/\/www.eryigityapi.com\/index.php\/wp-json\/wp\/v2\/media?parent=163"}],"wp:term":[{"taxonomy":"product_cat","embeddable":true,"href":"http:\/\/www.eryigityapi.com\/index.php\/wp-json\/wp\/v2\/product_cat?post=163"},{"taxonomy":"product_tag","embeddable":true,"href":"http:\/\/www.eryigityapi.com\/index.php\/wp-json\/wp\/v2\/product_tag?post=163"}],"curies":[{"name":"wp","href":"https:\/\/api.w.org\/{rel}","templated":true}]}}