{"id":14,"date":"2019-04-18T11:08:42","date_gmt":"2019-04-18T08:08:42","guid":{"rendered":"https:\/\/envothemes.com\/envo-ecommerce\/product\/import-placeholder-for-42\/"},"modified":"2023-04-09T11:00:56","modified_gmt":"2023-04-09T08:00:56","slug":"modern","status":"publish","type":"product","link":"http:\/\/www.eryigityapi.com\/index.php\/urun\/modern\/","title":{"rendered":"Soudal Click &#038; Fix K\u00f6p\u00fck Tabancalar\u0131"},"content":{"rendered":"","protected":false},"excerpt":{"rendered":"<p>This is a simple product.<\/p>\n<p>Sed elit dui, pellentesque a, faucibus vel, interdum nec, diam. Pellentesque ipsum. Etiam dui sem, fermentum vitae, sagittis id, malesuada in, quam. Sed ac dolor sit amet purus malesuada congue.<\/p>\n","protected":false},"featured_media":667,"comment_status":"open","ping_status":"closed","template":"","meta":[],"product_cat":[19],"product_tag":[34],"_links":{"self":[{"href":"http:\/\/www.eryigityapi.com\/index.php\/wp-json\/wp\/v2\/product\/14"}],"collection":[{"href":"http:\/\/www.eryigityapi.com\/index.php\/wp-json\/wp\/v2\/product"}],"about":[{"href":"http:\/\/www.eryigityapi.com\/index.php\/wp-json\/wp\/v2\/types\/product"}],"replies":[{"embeddable":true,"href":"http:\/\/www.eryigityapi.com\/index.php\/wp-json\/wp\/v2\/comments?post=14"}],"wp:featuredmedia":[{"embeddable":true,"href":"http:\/\/www.eryigityapi.com\/index.php\/wp-json\/wp\/v2\/media\/667"}],"wp:attachment":[{"href":"http:\/\/www.eryigityapi.com\/index.php\/wp-json\/wp\/v2\/media?parent=14"}],"wp:term":[{"taxonomy":"product_cat","embeddable":true,"href":"http:\/\/www.eryigityapi.com\/index.php\/wp-json\/wp\/v2\/product_cat?post=14"},{"taxonomy":"product_tag","embeddable":true,"href":"http:\/\/www.eryigityapi.com\/index.php\/wp-json\/wp\/v2\/product_tag?post=14"}],"curies":[{"name":"wp","href":"https:\/\/api.w.org\/{rel}","templated":true}]}}