{"id":693,"date":"2023-04-09T08:49:10","date_gmt":"2023-04-09T05:49:10","guid":{"rendered":"http:\/\/www.eryigityapi.com\/?page_id=693"},"modified":"2023-04-09T11:25:34","modified_gmt":"2023-04-09T08:25:34","slug":"soudal","status":"publish","type":"page","link":"http:\/\/www.eryigityapi.com\/index.php\/soudal\/","title":{"rendered":"Soudal"},"content":{"rendered":"\t\t<div data-elementor-type=\"wp-page\" data-elementor-id=\"693\" class=\"elementor elementor-693\">\n\t\t\t\t\t\t\t\t\t<section class=\"elementor-section elementor-top-section elementor-element elementor-element-57211cd elementor-section-boxed elementor-section-height-default elementor-section-height-default\" data-id=\"57211cd\" data-element_type=\"section\">\n\t\t\t\t\t\t<div class=\"elementor-container elementor-column-gap-default\">\n\t\t\t\t\t<div class=\"elementor-column elementor-col-100 elementor-top-column elementor-element elementor-element-3971269\" data-id=\"3971269\" data-element_type=\"column\">\n\t\t\t<div class=\"elementor-widget-wrap elementor-element-populated\">\n\t\t\t\t\t\t\t\t<div class=\"elementor-element elementor-element-64d76c2 elementor-widget elementor-widget-etww-woo-products\" data-id=\"64d76c2\" data-element_type=\"widget\" data-widget_type=\"etww-woo-products.default\">\n\t\t\t\t<div class=\"elementor-widget-container\">\n\t\t\t<div class=\"woocommerce columns-4\"><ul class=\"products columns-4\">\n<li class=\"product type-product post-170 status-publish first instock product_cat-yapistiricilar product_tag-soudal has-post-thumbnail sale featured shipping-taxable product-type-external\">\n\t<\/li>\n<li class=\"product type-product post-169 status-publish instock product_cat-yapistiricilar product_tag-soudal has-post-thumbnail sale featured shipping-taxable purchasable product-type-simple\">\n\t<\/li>\n<li class=\"product type-product post-166 status-publish instock product_cat-yapistiricilar product_tag-soudal has-post-thumbnail sale featured downloadable virtual purchasable product-type-simple\">\n\t<\/li>\n<li class=\"product type-product post-165 status-publish last outofstock product_cat-yapistiricilar product_tag-soudal has-post-thumbnail sale shipping-taxable purchasable product-type-simple\">\n\t<\/li>\n<li class=\"product type-product post-164 status-publish first instock product_cat-yapistiricilar product_tag-soudal has-post-thumbnail sale shipping-taxable purchasable product-type-simple\">\n\t<\/li>\n<li class=\"product type-product post-163 status-publish outofstock product_cat-yapistiricilar product_cat-yuzey-kaplayicilar product_tag-soudal has-post-thumbnail featured shipping-taxable purchasable product-type-variable\">\n\t<\/li>\n<li class=\"product type-product post-14 status-publish instock product_cat-genel product_tag-soudal has-post-thumbnail sale featured shipping-taxable purchasable product-type-simple\">\n\t<\/li>\n<li class=\"product type-product post-13 status-publish last outofstock product_cat-genel product_tag-soudal has-post-thumbnail shipping-taxable purchasable product-type-variable\">\n\t<\/li>\n<\/ul>\n<\/div>\t\t<\/div>\n\t\t\t\t<\/div>\n\t\t\t\t\t<\/div>\n\t\t<\/div>\n\t\t\t\t\t\t\t<\/div>\n\t\t<\/section>\n\t\t\t\t\t\t\t<\/div>\n\t\t","protected":false},"excerpt":{"rendered":"<p>\u0130ndirim! Acryrub Exteriour Fa\u00e7ades+ &#8378;50,00 &#8378;25,00 Teklif \u0130steyiniz \u0130ndirim! Acryrub U &#8378;50,00 &#8378;25,00 Sepete Ekle \u0130ndirim! Carbond 940FC &#8378;50,00 &#8378;25,00&hellip;<\/p>\n","protected":false},"author":1,"featured_media":0,"parent":0,"menu_order":0,"comment_status":"closed","ping_status":"closed","template":"","meta":[],"_links":{"self":[{"href":"http:\/\/www.eryigityapi.com\/index.php\/wp-json\/wp\/v2\/pages\/693"}],"collection":[{"href":"http:\/\/www.eryigityapi.com\/index.php\/wp-json\/wp\/v2\/pages"}],"about":[{"href":"http:\/\/www.eryigityapi.com\/index.php\/wp-json\/wp\/v2\/types\/page"}],"author":[{"embeddable":true,"href":"http:\/\/www.eryigityapi.com\/index.php\/wp-json\/wp\/v2\/users\/1"}],"replies":[{"embeddable":true,"href":"http:\/\/www.eryigityapi.com\/index.php\/wp-json\/wp\/v2\/comments?post=693"}],"version-history":[{"count":7,"href":"http:\/\/www.eryigityapi.com\/index.php\/wp-json\/wp\/v2\/pages\/693\/revisions"}],"predecessor-version":[{"id":703,"href":"http:\/\/www.eryigityapi.com\/index.php\/wp-json\/wp\/v2\/pages\/693\/revisions\/703"}],"wp:attachment":[{"href":"http:\/\/www.eryigityapi.com\/index.php\/wp-json\/wp\/v2\/media?parent=693"}],"curies":[{"name":"wp","href":"https:\/\/api.w.org\/{rel}","templated":true}]}}