{"id":19,"date":"2022-05-18T14:44:49","date_gmt":"2022-05-18T11:44:49","guid":{"rendered":"http:\/\/www.eryigityapi.com\/?page_id=19"},"modified":"2022-05-18T14:53:32","modified_gmt":"2022-05-18T11:53:32","slug":"hakkimizda","status":"publish","type":"page","link":"http:\/\/www.eryigityapi.com\/index.php\/hakkimizda\/","title":{"rendered":"Hakk\u0131m\u0131zda"},"content":{"rendered":"\n<p><strong>YAPI K\u0130MYASALLARI VE YAPI\u015eTIRICILAR \u00dcZER\u0130NE OLAN TECR\u00dcBEM\u0130Z\u0130 S\u0130Z DEGERL\u0130 M\u00dc\u015eTER\u0130LER\u0130M\u0130ZLE PAYLA\u015eMAK \u00dcZERE 2007 YILINDAN BUG\u00dcNE FAL\u0130YETLER\u0130M\u0130ZE DEVAM ED\u0130YORUZ.<\/strong><\/p>\n","protected":false},"excerpt":{"rendered":"<p>YAPI K\u0130MYASALLARI VE YAPI\u015eTIRICILAR \u00dcZER\u0130NE OLAN TECR\u00dcBEM\u0130Z\u0130 S\u0130Z DEGERL\u0130 M\u00dc\u015eTER\u0130LER\u0130M\u0130ZLE PAYLA\u015eMAK \u00dcZERE 2007 YILINDAN BUG\u00dcNE FAL\u0130YETLER\u0130M\u0130ZE DEVAM ED\u0130YORUZ.<\/p>\n","protected":false},"author":1,"featured_media":0,"parent":0,"menu_order":0,"comment_status":"closed","ping_status":"closed","template":"","meta":[],"_links":{"self":[{"href":"http:\/\/www.eryigityapi.com\/index.php\/wp-json\/wp\/v2\/pages\/19"}],"collection":[{"href":"http:\/\/www.eryigityapi.com\/index.php\/wp-json\/wp\/v2\/pages"}],"about":[{"href":"http:\/\/www.eryigityapi.com\/index.php\/wp-json\/wp\/v2\/types\/page"}],"author":[{"embeddable":true,"href":"http:\/\/www.eryigityapi.com\/index.php\/wp-json\/wp\/v2\/users\/1"}],"replies":[{"embeddable":true,"href":"http:\/\/www.eryigityapi.com\/index.php\/wp-json\/wp\/v2\/comments?post=19"}],"version-history":[{"count":2,"href":"http:\/\/www.eryigityapi.com\/index.php\/wp-json\/wp\/v2\/pages\/19\/revisions"}],"predecessor-version":[{"id":51,"href":"http:\/\/www.eryigityapi.com\/index.php\/wp-json\/wp\/v2\/pages\/19\/revisions\/51"}],"wp:attachment":[{"href":"http:\/\/www.eryigityapi.com\/index.php\/wp-json\/wp\/v2\/media?parent=19"}],"curies":[{"name":"wp","href":"https:\/\/api.w.org\/{rel}","templated":true}]}}